{"id":188,"date":"2021-11-27T11:16:27","date_gmt":"2021-11-27T10:16:27","guid":{"rendered":"http:\/\/frenchbrokers.fr\/?page_id=188"},"modified":"2022-03-13T15:21:24","modified_gmt":"2022-03-13T14:21:24","slug":"flottes-de-vehicules","status":"publish","type":"page","link":"https:\/\/frenchbrokers.fr\/?page_id=188","title":{"rendered":"Flottes de v\u00e9hicules"},"content":{"rendered":"\n<p><strong>Points d\u2019attention&nbsp;:<\/strong><\/p>\n\n\n\n<p>-n\u2019oublier aucun v\u00e9hicule (ex&nbsp;: chariots \u00e9l\u00e9vateurs)<\/p>\n\n\n\n<p>-n\u2019acheter que les garanties n\u00e9cessaires (ex&nbsp;: pas de Tous Risques pour les v\u00e9hicules de plus de 7 ans)<\/p>\n\n\n\n<p>-attention au capital-d\u00e9c\u00e8s du conducteur<\/p>\n\n\n\n<p>-soigner les d\u00e9tails&nbsp;: objets personnels, am\u00e9nagements du v\u00e9hicule, marchandises transport\u00e9es,..<\/p>\n\n\n\n<p>-la qualit\u00e9 de l\u2019assistance et l\u2019existence (ou non) d\u2019un v\u00e9hicule de remplacement d\u2019un type satisfaisant et sur une dur\u00e9e convenable sont essentielles en cas de sinistre<\/p>\n\n\n\n<p><strong>Notre plus&nbsp;:<\/strong><\/p>\n\n\n\n<p>-Les flottes repr\u00e9sentent pr\u00e8s du quart de notre activit\u00e9. Nous n\u00e9gocions notamment des contrats d\u2019assistance \u00e0 part, pourvus de meilleures garanties<\/p>\n\n\n\n<p class=\"has-luminous-vivid-amber-background-color has-background\"><strong>Plus facile: retrouvez-nous en video!<\/strong><\/p>\n\n\n\n<figure class=\"wp-block-video\"><video height=\"720\" style=\"aspect-ratio: 1280 \/ 720;\" width=\"1280\" controls src=\"https:\/\/frenchbrokers.fr\/wp-content\/uploads\/2022\/03\/assurer-les-vehicules-d-entreprise.mp4\"><\/video><\/figure>\n\n\n\n<p><\/p>\n\n\n\n<figure class=\"wp-block-image size-medium\"><img loading=\"lazy\" decoding=\"async\" width=\"300\" height=\"200\" src=\"https:\/\/frenchbrokers.fr\/wp-content\/uploads\/2021\/11\/Frenchbrokers-flottes-de-ve\u0301hicules-300x200.jpg\" alt=\"flotte de camionnettes\" class=\"wp-image-189\" srcset=\"https:\/\/frenchbrokers.fr\/wp-content\/uploads\/2021\/11\/Frenchbrokers-flottes-de-ve\u0301hicules-300x200.jpg 300w, https:\/\/frenchbrokers.fr\/wp-content\/uploads\/2021\/11\/Frenchbrokers-flottes-de-ve\u0301hicules-1024x683.jpg 1024w, https:\/\/frenchbrokers.fr\/wp-content\/uploads\/2021\/11\/Frenchbrokers-flottes-de-ve\u0301hicules-768x512.jpg 768w, https:\/\/frenchbrokers.fr\/wp-content\/uploads\/2021\/11\/Frenchbrokers-flottes-de-ve\u0301hicules-1536x1024.jpg 1536w, https:\/\/frenchbrokers.fr\/wp-content\/uploads\/2021\/11\/Frenchbrokers-flottes-de-ve\u0301hicules-2048x1365.jpg 2048w\" sizes=\"auto, (max-width: 300px) 100vw, 300px\" \/><\/figure>\n","protected":false},"excerpt":{"rendered":"<p>Points d\u2019attention&nbsp;: -n\u2019oublier aucun v\u00e9hicule (ex&nbsp;: chariots \u00e9l\u00e9vateurs) -n\u2019acheter que les garanties n\u00e9cessaires (ex&nbsp;: pas de Tous Risques pour les v\u00e9hicules de plus de 7 ans) -attention au capital-d\u00e9c\u00e8s du conducteur -soigner les d\u00e9tails&nbsp;: objets personnels, am\u00e9nagements du v\u00e9hicule, marchandises transport\u00e9es,.. -la qualit\u00e9 de l\u2019assistance et l\u2019existence (ou non) d\u2019un v\u00e9hicule de remplacement d\u2019un type &hellip; <\/p>\n<p class=\"link-more\"><a href=\"https:\/\/frenchbrokers.fr\/?page_id=188\" class=\"more-link\">Continue reading<span class=\"screen-reader-text\"> &#8220;Flottes de v\u00e9hicules&#8221;<\/span><\/a><\/p>\n","protected":false},"author":1,"featured_media":0,"parent":0,"menu_order":0,"comment_status":"closed","ping_status":"closed","template":"","meta":{"footnotes":""},"class_list":["post-188","page","type-page","status-publish","hentry"],"_links":{"self":[{"href":"https:\/\/frenchbrokers.fr\/index.php?rest_route=\/wp\/v2\/pages\/188","targetHints":{"allow":["GET"]}}],"collection":[{"href":"https:\/\/frenchbrokers.fr\/index.php?rest_route=\/wp\/v2\/pages"}],"about":[{"href":"https:\/\/frenchbrokers.fr\/index.php?rest_route=\/wp\/v2\/types\/page"}],"author":[{"embeddable":true,"href":"https:\/\/frenchbrokers.fr\/index.php?rest_route=\/wp\/v2\/users\/1"}],"replies":[{"embeddable":true,"href":"https:\/\/frenchbrokers.fr\/index.php?rest_route=%2Fwp%2Fv2%2Fcomments&post=188"}],"version-history":[{"count":7,"href":"https:\/\/frenchbrokers.fr\/index.php?rest_route=\/wp\/v2\/pages\/188\/revisions"}],"predecessor-version":[{"id":852,"href":"https:\/\/frenchbrokers.fr\/index.php?rest_route=\/wp\/v2\/pages\/188\/revisions\/852"}],"wp:attachment":[{"href":"https:\/\/frenchbrokers.fr\/index.php?rest_route=%2Fwp%2Fv2%2Fmedia&parent=188"}],"curies":[{"name":"wp","href":"https:\/\/api.w.org\/{rel}","templated":true}]}}