{"id":200,"date":"2021-11-27T11:39:07","date_gmt":"2021-11-27T10:39:07","guid":{"rendered":"http:\/\/frenchbrokers.fr\/?page_id=200"},"modified":"2021-12-14T09:14:46","modified_gmt":"2021-12-14T08:14:46","slug":"la-protection-sociale","status":"publish","type":"page","link":"https:\/\/frenchbrokers.fr\/?page_id=200","title":{"rendered":"La protection sociale"},"content":{"rendered":"\n<p><strong>Points d\u2019attention&nbsp;:<\/strong><\/p>\n\n\n\n<p><strong>\u2013<\/strong> Ce domaine englobe bien s\u00fbr la pr\u00e9voyance et la \u00ab mutuelle \u00bb, mais aussi d\u2019autres contrats (retraite, \u00e9pargne salariale, indemnit\u00e9s de fin de carri\u00e8re,\u2026)<\/p>\n\n\n\n<p>\u2013 Domaine r\u00e9glement\u00e9: attention \u00e0 la forme (vote, coll\u00e8ges,..), au respect de l\u2019<a href=\"https:\/\/www.legifrance.gouv.fr\/download\/pdf\/bocc?id=boc_20130009_0000_0029.pdf&amp;isForGlobalBocc=false\">ANI<\/a>,..<\/p>\n\n\n\n<p>\u2013 Toutes les personnes ayant un bulletin de salaire doivent en b\u00e9n\u00e9ficier<\/p>\n\n\n\n<p><strong>Notre plus&nbsp;:<\/strong><\/p>\n\n\n\n<p>Nous nous impliquons dans la mise en place (pr\u00e9sentation par nos soins du programme aux salari\u00e9s si vous le souhaitez).<\/p>\n\n\n\n<p><\/p>\n\n\n\n<figure class=\"wp-block-image size-medium\"><img loading=\"lazy\" decoding=\"async\" width=\"300\" height=\"200\" src=\"https:\/\/frenchbrokers.fr\/wp-content\/uploads\/2021\/11\/frenchbrokers-assurances-collectives-300x200.jpg\" alt=\"Abaisses\" class=\"wp-image-201\" srcset=\"https:\/\/frenchbrokers.fr\/wp-content\/uploads\/2021\/11\/frenchbrokers-assurances-collectives-300x200.jpg 300w, https:\/\/frenchbrokers.fr\/wp-content\/uploads\/2021\/11\/frenchbrokers-assurances-collectives-1024x682.jpg 1024w, https:\/\/frenchbrokers.fr\/wp-content\/uploads\/2021\/11\/frenchbrokers-assurances-collectives-768x511.jpg 768w, https:\/\/frenchbrokers.fr\/wp-content\/uploads\/2021\/11\/frenchbrokers-assurances-collectives-1536x1022.jpg 1536w, https:\/\/frenchbrokers.fr\/wp-content\/uploads\/2021\/11\/frenchbrokers-assurances-collectives-2048x1363.jpg 2048w\" sizes=\"auto, (max-width: 300px) 100vw, 300px\" \/><\/figure>\n","protected":false},"excerpt":{"rendered":"<p>Points d\u2019attention&nbsp;: \u2013 Ce domaine englobe bien s\u00fbr la pr\u00e9voyance et la \u00ab mutuelle \u00bb, mais aussi d\u2019autres contrats (retraite, \u00e9pargne salariale, indemnit\u00e9s de fin de carri\u00e8re,\u2026) \u2013 Domaine r\u00e9glement\u00e9: attention \u00e0 la forme (vote, coll\u00e8ges,..), au respect de l\u2019ANI,.. \u2013 Toutes les personnes ayant un bulletin de salaire doivent en b\u00e9n\u00e9ficier Notre plus&nbsp;: Nous &hellip; <\/p>\n<p class=\"link-more\"><a href=\"https:\/\/frenchbrokers.fr\/?page_id=200\" class=\"more-link\">Continue reading<span class=\"screen-reader-text\"> &#8220;La protection sociale&#8221;<\/span><\/a><\/p>\n","protected":false},"author":1,"featured_media":0,"parent":0,"menu_order":0,"comment_status":"closed","ping_status":"closed","template":"","meta":{"footnotes":""},"class_list":["post-200","page","type-page","status-publish","hentry"],"_links":{"self":[{"href":"https:\/\/frenchbrokers.fr\/index.php?rest_route=\/wp\/v2\/pages\/200","targetHints":{"allow":["GET"]}}],"collection":[{"href":"https:\/\/frenchbrokers.fr\/index.php?rest_route=\/wp\/v2\/pages"}],"about":[{"href":"https:\/\/frenchbrokers.fr\/index.php?rest_route=\/wp\/v2\/types\/page"}],"author":[{"embeddable":true,"href":"https:\/\/frenchbrokers.fr\/index.php?rest_route=\/wp\/v2\/users\/1"}],"replies":[{"embeddable":true,"href":"https:\/\/frenchbrokers.fr\/index.php?rest_route=%2Fwp%2Fv2%2Fcomments&post=200"}],"version-history":[{"count":6,"href":"https:\/\/frenchbrokers.fr\/index.php?rest_route=\/wp\/v2\/pages\/200\/revisions"}],"predecessor-version":[{"id":686,"href":"https:\/\/frenchbrokers.fr\/index.php?rest_route=\/wp\/v2\/pages\/200\/revisions\/686"}],"wp:attachment":[{"href":"https:\/\/frenchbrokers.fr\/index.php?rest_route=%2Fwp%2Fv2%2Fmedia&parent=200"}],"curies":[{"name":"wp","href":"https:\/\/api.w.org\/{rel}","templated":true}]}}