{"id":215,"date":"2021-11-27T21:18:11","date_gmt":"2021-11-27T20:18:11","guid":{"rendered":"http:\/\/frenchbrokers.fr\/?page_id=215"},"modified":"2021-12-09T18:28:31","modified_gmt":"2021-12-09T17:28:31","slug":"assurance-emprunteur","status":"publish","type":"page","link":"https:\/\/frenchbrokers.fr\/?page_id=215","title":{"rendered":"Assurance emprunteur"},"content":{"rendered":"\n<p><strong>Points d\u2019attention&nbsp;:<\/strong><\/p>\n\n\n\n<p>\u2013 Le banquier exige ce contrat qui lui garantit un remboursement en cas d\u2019accident, de maladie ou de d\u00e9c\u00e8s de l\u2019emprunteur.<\/p>\n\n\n\n<p>\u2013 Vous pouvez souscrire en dehors de la banque<\/p>\n\n\n\n<p><strong>&#8211;<\/strong>Attention aux d\u00e9lais (pour arriver le jour de la signature avec l\u2019offre d\u2019assurance-emprunteur)<\/p>\n\n\n\n<p>-une clause-s\u00e9questre peut permettre d\u2019\u00e9viter une sur-fiscalit\u00e9 dans certains cas (voir l\u2019<a href=\"https:\/\/www.legifrance.gouv.fr\/ceta\/id\/CETATEXT000007632522\">arr\u00eat MUSEL<\/a>)<\/p>\n\n\n\n<p><strong>Notre plus&nbsp;:<\/strong><\/p>\n\n\n\n<p>-En cas de probl\u00e8me de sant\u00e9 suspect\u00e9 et\/ou important, nous mettons en place une proc\u00e9dure vous permettant d\u2019\u00e9valuer \u00e0 l\u2019avance vos chances de pouvoir souscrire<\/p>\n\n\n\n<p><\/p>\n\n\n\n<figure class=\"wp-block-image size-medium\"><img loading=\"lazy\" decoding=\"async\" width=\"300\" height=\"200\" src=\"https:\/\/frenchbrokers.fr\/wp-content\/uploads\/2021\/11\/frenchbrokers-assurance-emprunteur-300x200.jpg\" alt=\"distribution d'euros\" class=\"wp-image-216\" srcset=\"https:\/\/frenchbrokers.fr\/wp-content\/uploads\/2021\/11\/frenchbrokers-assurance-emprunteur-300x200.jpg 300w, https:\/\/frenchbrokers.fr\/wp-content\/uploads\/2021\/11\/frenchbrokers-assurance-emprunteur-1024x683.jpg 1024w, https:\/\/frenchbrokers.fr\/wp-content\/uploads\/2021\/11\/frenchbrokers-assurance-emprunteur-768x512.jpg 768w, https:\/\/frenchbrokers.fr\/wp-content\/uploads\/2021\/11\/frenchbrokers-assurance-emprunteur-1536x1024.jpg 1536w, https:\/\/frenchbrokers.fr\/wp-content\/uploads\/2021\/11\/frenchbrokers-assurance-emprunteur-2048x1365.jpg 2048w\" sizes=\"auto, (max-width: 300px) 100vw, 300px\" \/><\/figure>\n","protected":false},"excerpt":{"rendered":"<p>Points d\u2019attention&nbsp;: \u2013 Le banquier exige ce contrat qui lui garantit un remboursement en cas d\u2019accident, de maladie ou de d\u00e9c\u00e8s de l\u2019emprunteur. \u2013 Vous pouvez souscrire en dehors de la banque &#8211;Attention aux d\u00e9lais (pour arriver le jour de la signature avec l\u2019offre d\u2019assurance-emprunteur) -une clause-s\u00e9questre peut permettre d\u2019\u00e9viter une sur-fiscalit\u00e9 dans certains cas &hellip; <\/p>\n<p class=\"link-more\"><a href=\"https:\/\/frenchbrokers.fr\/?page_id=215\" class=\"more-link\">Continue reading<span class=\"screen-reader-text\"> &#8220;Assurance emprunteur&#8221;<\/span><\/a><\/p>\n","protected":false},"author":1,"featured_media":0,"parent":0,"menu_order":0,"comment_status":"closed","ping_status":"closed","template":"","meta":{"footnotes":""},"class_list":["post-215","page","type-page","status-publish","hentry"],"_links":{"self":[{"href":"https:\/\/frenchbrokers.fr\/index.php?rest_route=\/wp\/v2\/pages\/215","targetHints":{"allow":["GET"]}}],"collection":[{"href":"https:\/\/frenchbrokers.fr\/index.php?rest_route=\/wp\/v2\/pages"}],"about":[{"href":"https:\/\/frenchbrokers.fr\/index.php?rest_route=\/wp\/v2\/types\/page"}],"author":[{"embeddable":true,"href":"https:\/\/frenchbrokers.fr\/index.php?rest_route=\/wp\/v2\/users\/1"}],"replies":[{"embeddable":true,"href":"https:\/\/frenchbrokers.fr\/index.php?rest_route=%2Fwp%2Fv2%2Fcomments&post=215"}],"version-history":[{"count":4,"href":"https:\/\/frenchbrokers.fr\/index.php?rest_route=\/wp\/v2\/pages\/215\/revisions"}],"predecessor-version":[{"id":359,"href":"https:\/\/frenchbrokers.fr\/index.php?rest_route=\/wp\/v2\/pages\/215\/revisions\/359"}],"wp:attachment":[{"href":"https:\/\/frenchbrokers.fr\/index.php?rest_route=%2Fwp%2Fv2%2Fmedia&parent=215"}],"curies":[{"name":"wp","href":"https:\/\/api.w.org\/{rel}","templated":true}]}}