{"id":3,"date":"2021-10-08T00:19:21","date_gmt":"2021-10-07T22:19:21","guid":{"rendered":"http:\/\/frenchbrokers.fr\/?page_id=3"},"modified":"2026-01-19T17:59:13","modified_gmt":"2026-01-19T16:59:13","slug":"politique-de-confidentialite","status":"publish","type":"page","link":"https:\/\/frenchbrokers.fr\/?page_id=3","title":{"rendered":"Politique de confidentialit\u00e9"},"content":{"rendered":"\n<h2 class=\"wp-block-heading\">Qui sommes-nous&nbsp;?<\/h2>\n\n\n\n<p>L\u2019adresse de notre site Web est&nbsp;: <a href=\"https:\/\/frenchbrokers.fr\">https:\/\/frenchbrokers.fr<\/a><\/p>\n\n\n\n<p>Vous pouvez nous \u00e9crire sur <a href=\"mailto:info@frenchbrokers.fr\">info@frenchbrokers.fr<\/a><\/p>\n\n\n\n<h2 class=\"wp-block-heading\">Utilisation des donn\u00e9es personnelles collect\u00e9es<\/h2>\n\n\n\n<h3 class=\"wp-block-heading\">Commentaires<\/h3>\n\n\n\n<p>Quand vous laissez un commentaire sur notre site web, les donn\u00e9es inscrites dans le formulaire de commentaire, mais aussi votre adresse IP et l\u2019agent utilisateur de votre navigateur sont collect\u00e9s pour nous aider \u00e0 la d\u00e9tection des commentaires ind\u00e9sirables.<\/p>\n\n\n\n<p>Une cha\u00eene anonymis\u00e9e cr\u00e9\u00e9e \u00e0 partir de votre adresse de messagerie (\u00e9galement appel\u00e9e hash) peut \u00eatre envoy\u00e9e au service Gravatar pour v\u00e9rifier si vous utilisez ce dernier. Les clauses de confidentialit\u00e9 du service Gravatar sont disponibles ici&nbsp;: https:\/\/automattic.com\/privacy\/. Apr\u00e8s validation de votre commentaire, votre photo de profil sera visible publiquement \u00e0 cot\u00e9 de votre commentaire.<\/p>\n\n\n\n<h3 class=\"wp-block-heading\">M\u00e9dias<\/h3>\n\n\n\n<p>Si vous \u00eates un utilisateur ou une utilisatrice enregistr\u00e9\u00b7e et que vous t\u00e9l\u00e9versez des images sur le site web, nous vous conseillons d\u2019\u00e9viter de t\u00e9l\u00e9verser des images contenant des donn\u00e9es EXIF de coordonn\u00e9es GPS. Les visiteurs de votre site web peuvent t\u00e9l\u00e9charger et extraire des donn\u00e9es de localisation depuis ces images.<\/p>\n\n\n\n<h3 class=\"wp-block-heading\">Formulaires de contact<\/h3>\n\n\n\n<p><\/p>\n\n\n\n<p>Voir onglet <a href=\"https:\/\/frenchbrokers.fr\/?page_id=10\">Contact<\/a><\/p>\n\n\n\n<h3 class=\"wp-block-heading\">Cookies<\/h3>\n\n\n\n<p>Si vous d\u00e9posez un commentaire sur notre site, il vous sera propos\u00e9 d\u2019enregistrer votre nom, adresse de messagerie et site web dans des cookies. C\u2019est uniquement pour votre confort afin de ne pas avoir \u00e0 saisir ces informations si vous d\u00e9posez un autre commentaire plus tard. Ces cookies expirent au bout d\u2019un an.<\/p>\n\n\n\n<p>Si vous vous rendez sur la page de connexion, un cookie temporaire sera cr\u00e9\u00e9 afin de d\u00e9terminer si votre navigateur accepte les cookies. Il ne contient pas de donn\u00e9es personnelles et sera supprim\u00e9 automatiquement \u00e0 la fermeture de votre navigateur.<\/p>\n\n\n\n<p>Lorsque vous vous connecterez, nous mettrons en place un certain nombre de cookies pour enregistrer vos informations de connexion et vos pr\u00e9f\u00e9rences d\u2019\u00e9cran. La dur\u00e9e de vie d\u2019un cookie de connexion est de deux jours, celle d\u2019un cookie d\u2019option d\u2019\u00e9cran est d\u2019un an. Si vous cochez \u00ab&nbsp;Se souvenir de moi&nbsp;\u00bb, votre cookie de connexion sera conserv\u00e9 pendant deux semaines. Si vous vous d\u00e9connectez de votre compte, le cookie de connexion sera effac\u00e9.<\/p>\n\n\n\n<p>En modifiant ou en publiant une publication, un cookie suppl\u00e9mentaire sera enregistr\u00e9 dans votre navigateur. Ce cookie ne comprend aucune donn\u00e9e personnelle. Il indique simplement l\u2019ID de la publication que vous venez de modifier. Il expire au bout d\u2019un jour.<\/p>\n\n\n\n<h3 class=\"wp-block-heading\">Contenu embarqu\u00e9 depuis d\u2019autres sites<\/h3>\n\n\n\n<p>Les articles de ce site peuvent inclure des contenus int\u00e9gr\u00e9s (par exemple des vid\u00e9os, images, articles\u2026). Le contenu int\u00e9gr\u00e9 depuis d\u2019autres sites se comporte de la m\u00eame mani\u00e8re que si le visiteur se rendait sur cet autre site.<\/p>\n\n\n\n<p>Ces sites web pourraient collecter des donn\u00e9es sur vous, utiliser des cookies, embarquer des outils de suivis tiers, suivre vos interactions avec ces contenus embarqu\u00e9s si vous disposez d\u2019un compte connect\u00e9 sur leur site web.<\/p>\n\n\n\n<h3 class=\"wp-block-heading\"><\/h3>\n\n\n\n<h2 class=\"wp-block-heading\">Utilisation et transmission de vos donn\u00e9es personnelles<\/h2>\n\n\n\n<h2 class=\"wp-block-heading\">Dur\u00e9es de stockage de vos donn\u00e9es<\/h2>\n\n\n\n<p>Si vous laissez un commentaire, le commentaire et ses m\u00e9tadonn\u00e9es sont conserv\u00e9s ind\u00e9finiment. Cela permet de reconna\u00eetre et approuver automatiquement les commentaires suivants au lieu de les laisser dans la file de mod\u00e9ration.<\/p>\n\n\n\n<p>Pour les utilisateurs et utilisatrices qui s\u2019inscrivent sur notre site (si cela est possible), nous stockons \u00e9galement les donn\u00e9es personnelles indiqu\u00e9es dans leur profil. Tous les utilisateurs et utilisatrices peuvent voir, modifier ou supprimer leurs informations personnelles \u00e0 tout moment (\u00e0 l\u2019exception de leur nom d\u2019utilisateur\u00b7ice). Les gestionnaires du site peuvent aussi voir et modifier ces informations.<\/p>\n\n\n\n<h2 class=\"wp-block-heading\">Les droits que vous avez sur vos donn\u00e9es<\/h2>\n\n\n\n<p>Si vous avez un compte ou si vous avez laiss\u00e9 des commentaires sur le site, vous pouvez demander \u00e0 recevoir un fichier contenant toutes les donn\u00e9es personnelles que nous poss\u00e9dons \u00e0 votre sujet, incluant celles que vous nous avez fournies. Vous pouvez \u00e9galement demander la suppression des donn\u00e9es personnelles vous concernant. Cela ne prend pas en compte les donn\u00e9es stock\u00e9es \u00e0 des fins administratives, l\u00e9gales ou pour des raisons de s\u00e9curit\u00e9.<\/p>\n\n\n\n<h2 class=\"wp-block-heading\">Transmission de vos donn\u00e9es personnelles<\/h2>\n\n\n\n<p>Les commentaires des visiteurs peuvent \u00eatre v\u00e9rifi\u00e9s \u00e0 l\u2019aide d\u2019un service automatis\u00e9 de d\u00e9tection des commentaires ind\u00e9sirables.<\/p>\n\n\n\n<p><\/p>\n\n\n\n<p>Informations pr\u00e9sentes sur notre logiciel de courtage:<\/p>\n\n\n\n<p><\/p>\n\n\n\n<p>Dans le cas particulier de nos clients, leurs donn\u00e9es sont h\u00e9berg\u00e9es sur notre logiciel de courtage Modulr, g\u00e9r\u00e9 par notre prestataire Ecilia (www.modulr.fr).<\/p>\n\n\n\n<p>Responsable du traitement: Emmanuel Blachez<\/p>\n\n\n\n<p>Les donn\u00e9es sont h\u00e9berg\u00e9es dans l&#8217;Union Europ\u00e9enne.<\/p>\n\n\n\n<p>Les donn\u00e9es collect\u00e9es vous concernant vous et vos proches seront conserv\u00e9es pendant toute la dur\u00e9e de nos relations contractuelles et ensuite en archive pendant un d\u00e9lai de cinq (5) ans, \u00e0 d\u00e9faut des d\u00e9lais plus courts ou plus longs sp\u00e9cialement pr\u00e9vus notamment en cas de litige.<\/p>\n\n\n\n<p>Ce logiciel est utilis\u00e9 exclusivement pour :<\/p>\n\n\n\n<p>-suivre les polices souscrites par les clients<\/p>\n\n\n\n<p>-communiquer avec les compagnies sur ces polices`<\/p>\n\n\n\n<p><\/p>\n\n\n\n<p>Notre logiciel de courtage regroupe les informations usuelles du client<\/p>\n\n\n\n<p>-nom<\/p>\n\n\n\n<p>-pr\u00e9nom<\/p>\n\n\n\n<p>-adresse<\/p>\n\n\n\n<p>-t\u00e9l\u00e9phone<\/p>\n\n\n\n<p>-mail<\/p>\n\n\n\n<p><\/p>\n\n\n\n<p>Si n\u00e9cessaire pour le dossier:<\/p>\n\n\n\n<p>-date de naissance<\/p>\n\n\n\n<p>-date de permis<\/p>\n\n\n\n<p>Pour les professionnels:<\/p>\n\n\n\n<p>-SIREN\/SIRET<\/p>\n\n\n\n<p>-NAF<\/p>\n\n\n\n<p>-FORME SOCI\u00c9TALE<\/p>\n\n\n\n<p>-b\u00e9n\u00e9ficiaires effectifs<\/p>\n\n\n\n<p><\/p>\n\n\n\n<p>Pour des polices en particulier, il peut aussi recueillir:<\/p>\n\n\n\n<p>-le nombre de pi\u00e8ces du logement<\/p>\n\n\n\n<p>-l&#8217;immatriculation et le type de v\u00e9hicule<\/p>\n\n\n\n<p>-etc<\/p>\n\n\n\n<p><\/p>\n\n\n\n<p>\u00e0 l&#8217;exclusion de toute donn\u00e9e \u00e0 caract\u00e8re m\u00e9dical (laquelle, si n\u00e9cessaire, est transmise directement par l&#8217;assur\u00e9 au service m\u00e9dical de la compagnie).<\/p>\n\n\n\n<p><\/p>\n\n\n\n<p>Frenchbrokers ne commercialise pas vos donn\u00e9es personnelles qui sont donc uniquement utilis\u00e9es par n\u00e9cessit\u00e9 ou \u00e0 des fins statistiques et d\u2019analyses.<\/p>\n\n\n\n<p><\/p>\n\n\n\n<p>Tout client peut dans le d\u00e9lai d&#8217;un mois:<\/p>\n\n\n\n<p><\/p>\n\n\n\n<ul class=\"wp-block-list\">\n<li>acc\u00e9der \u00e0 l\u2019ensemble des informations le concernant\u00a0;<\/li>\n\n\n\n<li>conna\u00eetre l\u2019origine des informations le concernant&nbsp;;<\/li>\n\n\n\n<li>acc\u00e9der aux informations sur lesquelles le responsable du fichier s\u2019est fond\u00e9 pour prendre une d\u00e9cision le concernant \n<ul class=\"wp-block-list\">\n<li>en obtenir la copie&nbsp;(des frais n\u2019exc\u00e9dant pas le co\u00fbt de la reproduction peuvent \u00eatre demand\u00e9s)&nbsp;;<\/li>\n\n\n\n<li>exiger que ses donn\u00e9es soient, selon les cas, rectifi\u00e9es, compl\u00e9t\u00e9es, mises \u00e0 jour ou supprim\u00e9es.<\/li>\n<\/ul>\n<\/li>\n<\/ul>\n\n\n\n<p>L\u2019Utilisateur doit indiquer les Donn\u00e9es Personnelles qu\u2019il souhaiterait que FRENCHBROKERS corrige,mette \u00e0 jour ou supprime, en s\u2019identifiant pr\u00e9cis\u00e9ment avec une copie d\u2019une pi\u00e8ce d\u2019identit\u00e9 (carte d\u2019identit\u00e9 ou passeport).<\/p>\n\n\n\n<p>Informations de contact<\/p>\n\n\n\n<p>Frenchbrokers<\/p>\n\n\n\n<p>75 Bd Haussmann 75008 Paris<\/p>\n\n\n\n<p>info@frenchbrokers.fr<\/p>\n\n\n\n<h2 class=\"wp-block-heading\"><\/h2>\n\n\n\n<h3 class=\"wp-block-heading\"><\/h3>\n\n\n\n<h3 class=\"wp-block-heading\"><\/h3>\n\n\n\n<h3 class=\"wp-block-heading\"><\/h3>\n\n\n\n<h3 class=\"wp-block-heading\"><\/h3>\n\n\n\n<h3 class=\"wp-block-heading\"><\/h3>\n","protected":false},"excerpt":{"rendered":"<p>Qui sommes-nous&nbsp;? L\u2019adresse de notre site Web est&nbsp;: https:\/\/frenchbrokers.fr Vous pouvez nous \u00e9crire sur info@frenchbrokers.fr Utilisation des donn\u00e9es personnelles collect\u00e9es Commentaires Quand vous laissez un commentaire sur notre site web, les donn\u00e9es inscrites dans le formulaire de commentaire, mais aussi votre adresse IP et l\u2019agent utilisateur de votre navigateur sont collect\u00e9s pour nous aider \u00e0 &hellip; <\/p>\n<p class=\"link-more\"><a href=\"https:\/\/frenchbrokers.fr\/?page_id=3\" class=\"more-link\">Continue reading<span class=\"screen-reader-text\"> &#8220;Politique de confidentialit\u00e9&#8221;<\/span><\/a><\/p>\n","protected":false},"author":1,"featured_media":0,"parent":0,"menu_order":0,"comment_status":"closed","ping_status":"open","template":"","meta":{"footnotes":""},"class_list":["post-3","page","type-page","status-publish","hentry"],"_links":{"self":[{"href":"https:\/\/frenchbrokers.fr\/index.php?rest_route=\/wp\/v2\/pages\/3","targetHints":{"allow":["GET"]}}],"collection":[{"href":"https:\/\/frenchbrokers.fr\/index.php?rest_route=\/wp\/v2\/pages"}],"about":[{"href":"https:\/\/frenchbrokers.fr\/index.php?rest_route=\/wp\/v2\/types\/page"}],"author":[{"embeddable":true,"href":"https:\/\/frenchbrokers.fr\/index.php?rest_route=\/wp\/v2\/users\/1"}],"replies":[{"embeddable":true,"href":"https:\/\/frenchbrokers.fr\/index.php?rest_route=%2Fwp%2Fv2%2Fcomments&post=3"}],"version-history":[{"count":5,"href":"https:\/\/frenchbrokers.fr\/index.php?rest_route=\/wp\/v2\/pages\/3\/revisions"}],"predecessor-version":[{"id":1146,"href":"https:\/\/frenchbrokers.fr\/index.php?rest_route=\/wp\/v2\/pages\/3\/revisions\/1146"}],"wp:attachment":[{"href":"https:\/\/frenchbrokers.fr\/index.php?rest_route=%2Fwp%2Fv2%2Fmedia&parent=3"}],"curies":[{"name":"wp","href":"https:\/\/api.w.org\/{rel}","templated":true}]}}